{"id":21148,"date":"2020-07-29T07:08:46","date_gmt":"2020-07-29T07:08:46","guid":{"rendered":"https:\/\/demo.creativethemes.com\/blocksy\/blog\/?page_id=3097"},"modified":"2021-08-14T00:58:15","modified_gmt":"2021-08-14T07:58:15","slug":"about","status":"publish","type":"page","link":"https:\/\/chinesemoment.com\/mm\/about\/","title":{"rendered":"\u1000\u103c\u103e\u1014\u103b\u102f\u1015\u103b\u1010\u102d\u102f\u1037\u1021\u1000\u103d\u1031\u102c\u1004\u103b\u1038"},"content":{"rendered":"<div class=\"wp-block-group alignfull\"><div class=\"wp-block-group__inner-container is-layout-flow wp-block-group-is-layout-flow\">\n<div class=\"alignfull wp-block-ugb-header ugb-header ugb-d7dd3fe ugb-header ugb-header--v3 ugb-header--design-plain ugb-main-block ugb--has-custom-content-width ugb-main-block--inner-wide ugb--has-block-background ugb--has-background-overlay\"><style>.ugb-d7dd3fe .ugb-header__title{font-size:55px !important;font-weight:900 !important;text-align:center !important}.ugb-d7dd3fe .ugb-header__subtitle{font-size:18px !important;color:var(--paletteColor7,#ffffff);margin-bottom:-50px !important}.ugb-d7dd3fe .ugb-inner-block{text-align:center}.ugb-d7dd3fe.ugb-header{justify-content:center;background-color:#ffffff;background-image:url(http:\/\/chinesemoment.com\/wp-content\/uploads\/2021\/08\/5d202502f271e.jpg)}.ugb-d7dd3fe.ugb-header > .ugb-inner-block{min-width:auto !important;max-width:750px !important}.ugb-d7dd3fe.ugb-header:before{background-color:#ffffff;opacity:0.1}@media screen and (max-width:1025px){.ugb-d7dd3fe .ugb-header__title{font-size:40px !important}}@media screen and (min-width:768px) and (max-width:1025px){.ugb-d7dd3fe.ugb-header{padding-top:0px !important;padding-bottom:0px !important}}@media screen and (max-width:768px){.ugb-d7dd3fe.ugb-header{padding-top:0px !important;padding-bottom:0px !important}}<\/style><div class=\"ugb-inner-block ugb-inner-block--wide\"><div class=\"ugb-block-content\"><div class=\"ugb-header__item\"><div class=\"ugb-content-wrapper\"><h1 class=\"ugb-header__title\">\u1000\u103c\u103e\u1014\u103b\u102f\u1015\u103b\u1010\u102d\u102f\u1037\u1021\u1000\u103d\u1031\u102c\u1004\u103b\u1038<\/h1><p class=\"ugb-header__subtitle\">A thousand-li journey is started by taking the first step.<br>\u5343\u91cc\u4e4b\u884c\uff0c\u59cb\u4e8e\u8db3\u4e0b\u3002<gwmw style=\"display:none;\"><\/p><\/div><\/div><\/div><\/div><\/div>\n<\/div><\/div>\n\n\n\n<p><gwmw style=\"display:none;\"><gwmw style=\"display:none;\"><\/p>\n\n\n\n<p><gwmw style=\"display:none;\"><gwmw style=\"display:none;\"><\/p>\n\n\n\n<p>ChineseMoment.com is a free and an online platform for learning Chinese. The skills to learn Chinese are: read more, read more, speak more, listen more, and keep learning for a certain time every day. I hope everyone can become a Chinese master here.<\/p>\n\n\n<p>ChineseMoment.com\u662f\u4e00\u4e2a\u514d\u8d39\u548c\u5728\u7ebf\u5b66\u4e60\u4e2d\u6587\u7684\u5e73\u53f0\u3002\u5b66\u4e60\u4e2d\u6587\u7684\u6280\u5de7\u662f\uff1a\u591a\u770b\uff0c\u591a\u8bfb\uff0c\u591a\u8bf4\uff0c\u591a\u542c\uff0c\u6bcf\u5929\u575a\u6301\u5b66\u4e60\u4e00\u7247\u523b\u3002\u5e0c\u671b\u5927\u5bb6\u80fd\u5728\u8fd9\u91cc\u6210\u4e3a\u4e2d\u6587\u5927\u5e08\u3002<\/p>\n\n\n<p class=\"has-text-align-left\">ChineseMoment.Com sh\u00ec y\u012bg\u00e8 mi\u01cenf\u00e8i h\u00e9 z\u00e0ixi\u00e0n xu\u00e9x\u00ed zh\u014dngw\u00e9n de p\u00edngt\u00e1i. Xu\u00e9x\u00ed zh\u014dngw\u00e9n de j\u00ecqi\u01ceo sh\u00ec: Du\u014d k\u00e0n, du\u014d d\u00fa, du\u014d shu\u014d, du\u014d t\u012bng, m\u011biti\u0101n ji\u0101nch\u00ed xu\u00e9x\u00ed y\u012b pi\u00e0nk\u00e8. X\u012bw\u00e0ng d\u00e0ji\u0101 n\u00e9ng z\u00e0i zh\u00e8l\u01d0 ch\u00e9ngw\u00e9i zh\u014dngw\u00e9n d\u00e0sh\u012b.<\/p>\n<div class=\"chine-tie-zi-nei-rong-zhi-hou\" id=\"chine-3769922429\"><script async src=\"\/\/pagead2.googlesyndication.com\/pagead\/js\/adsbygoogle.js?client=ca-pub-1889418300638825\" crossorigin=\"anonymous\"><\/script><ins class=\"adsbygoogle\" style=\"display:block;\" data-ad-client=\"ca-pub-1889418300638825\" \ndata-ad-slot=\"7273022922\" \ndata-ad-layout-key=\"-gw-3+1f-3d+2z\"\ndata-ad-format=\"fluid\"><\/ins>\n<script> \n(adsbygoogle = window.adsbygoogle || []).push({}); \n<\/script>\n<\/div>","protected":false},"excerpt":{"rendered":"<p>ChineseMoment.com is a free and an online platform for learning Chinese. The skills to learn Chinese are: read more, read<\/p>","protected":false},"author":1,"featured_media":0,"parent":0,"menu_order":0,"comment_status":"closed","ping_status":"closed","template":"","meta":{"om_disable_all_campaigns":false,"_monsterinsights_skip_tracking":false,"_monsterinsights_sitenote_active":false,"_monsterinsights_sitenote_note":"","_monsterinsights_sitenote_category":0,"_tutorstarter_page_metadata":[],"footnotes":""},"class_list":["post-21148","page","type-page","status-publish","hentry"],"_links":{"self":[{"href":"https:\/\/chinesemoment.com\/mm\/wp-json\/wp\/v2\/pages\/21148","targetHints":{"allow":["GET"]}}],"collection":[{"href":"https:\/\/chinesemoment.com\/mm\/wp-json\/wp\/v2\/pages"}],"about":[{"href":"https:\/\/chinesemoment.com\/mm\/wp-json\/wp\/v2\/types\/page"}],"author":[{"embeddable":true,"href":"https:\/\/chinesemoment.com\/mm\/wp-json\/wp\/v2\/users\/1"}],"replies":[{"embeddable":true,"href":"https:\/\/chinesemoment.com\/mm\/wp-json\/wp\/v2\/comments?post=21148"}],"version-history":[{"count":0,"href":"https:\/\/chinesemoment.com\/mm\/wp-json\/wp\/v2\/pages\/21148\/revisions"}],"wp:attachment":[{"href":"https:\/\/chinesemoment.com\/mm\/wp-json\/wp\/v2\/media?parent=21148"}],"curies":[{"name":"wp","href":"https:\/\/api.w.org\/{rel}","templated":true}]}}